{"id":41,"date":"2024-07-11T04:21:22","date_gmt":"2024-07-11T04:21:22","guid":{"rendered":"https:\/\/practicalshootingclub.fi\/?page_id=41"},"modified":"2025-04-21T11:18:49","modified_gmt":"2025-04-21T08:18:49","slug":"jaseneksi","status":"publish","type":"page","link":"https:\/\/practicalshootingclub.fi\/?page_id=41","title":{"rendered":"J\u00e4seneksi"},"content":{"rendered":"\n<p>Kuinka liityn j\u00e4seneksi?<\/p>\n\n\n\n<p>Practical Shooting Club ry:n j\u00e4seneksi voi liitty\u00e4 jokainen, joka hyv\u00e4ksyy yhdistyksen tarkoituksen ja s\u00e4\u00e4nn\u00f6t, ja jonka hakemuksesta yhdistyksen hallitus j\u00e4senekseen hyv\u00e4ksyy.<\/p>\n\n\n\n<p>Seura on ottanut k\u00e4ytt\u00f6\u00f6ns\u00e4 Suomisport palvelun, jonka my\u00f6t\u00e4 seuran j\u00e4senrekisteri on kokonaan Suomisporttissa. Jokainen nykyinen sek\u00e4 uusi j\u00e4sen siirtyy palveluun itse ja liit\u00e4\u00e4 itsens\u00e4 j\u00e4seneksi alta l\u00f6ytyvien linkkien kautta. Jos sinulla ei viel\u00e4 ole tili\u00e4 Suomisportissa, luo itsellesi ensimm\u00e4iseksi tili. Juniorij\u00e4senten kohdalla aikuinen voi tehd\u00e4 tilin itselleen ja t\u00e4m\u00e4n j\u00e4lkeen avata oman tilin alle huollettavan. N\u00e4in saat lapsen liitetty\u00e4 juniorij\u00e4seneksi.<\/p>\n\n\n\n<p>Linkin kautta j\u00e4senrekisteriin liittymisen j\u00e4lkeen yhdistyksen hallituksen on hyv\u00e4ksytt\u00e4v\u00e4 j\u00e4senyys.<\/p>\n\n\n\n<p><\/p>\n\n\n\n<p><strong>Vuoden 2025&nbsp;j\u00e4senmaksut<\/strong>:<\/p>\n\n\n\n<p>Aikuisj\u00e4sen 80&nbsp;EUR<\/p>\n\n\n\n<p>Nuorisoj\u00e4sen (alle 20-vuotias) 20&nbsp;EUR<\/p>\n\n\n\n<p>Kannatusj\u00e4sen 120 EUR<br>Liittymismaksu 80 EUR perit\u00e4\u00e4n Aikuisj\u00e4senilt\u00e4<\/p>\n\n\n\n<p><\/p>\n\n\n\n<p><strong>Ratamaksut Action Air Shooting Center ampumaradalla 14.3.2025 alkaen<\/strong><br>Treenikerta Practical Shooting Club ry\u00a0j\u00e4senille 15\u20ac<br>Practical Shooting Club ry j\u00e4senille rajaton k\u00e4ytt\u00f6 kuukausihinnat:\u00a050\u20ac\/kk\/hl\u00f6\u00a0tai\u00a0100\u20ac\/perhe\/kk<br>Treenikerta voimassa olevalla ampuma\u00a0lisenssill\u00e4 18\u20ac<\/p>\n\n\n\n<p>Treenikerta muut 23\u20ac<\/p>\n\n\n\n<p>Vuokra-ase kaasut ja kuulat 250kpl 20\u20ac<\/p>\n\n\n\n<p><br>Ohjattu pienryhm\u00e4 1-5 hl\u00f6\u00e4 50\u20ac\/h sis\u00e4lt\u00e4\u00e4 varusteet.<br>Ohjattu pienryhm\u00e4 6-10 hl\u00f6\u00e4 100\u20ac\/h sis\u00e4lt\u00e4\u00e4 varusteet.<br>Ohjattu pienryhm\u00e4 11-15 hl\u00f6\u00e4 (150\u20ac\/h) sis\u00e4lt\u00e4\u00e4 varusteet.<br><br><\/p>\n\n\n\n<p><strong>Suomisport liittymislinkit<\/strong><\/p>\n\n\n\n<p>Aikuisj\u00e4sen<\/p>\n\n\n\n<p><a href=\"https:\/\/seurat.suomisport.fi\/invite\/6e56f5e5-fc40-4c24-ba04-0b7f51f01e1b\">https:\/\/seurat.suomisport.fi\/invite\/6e56f5e5-fc40-4c24-ba04-0b7f51f01e1b<\/a><\/p>\n\n\n\n<p>Nuorisoj\u00e4sen alle 20-vuotias<br><a href=\"https:\/\/seurat.suomisport.fi\/invite\/2890fb21-753b-45cf-89b4-ac8b05b5cd02\">https:\/\/seurat.suomisport.fi\/invite\/2890fb21-753b-45cf-89b4-ac8b05b5cd02<\/a><\/p>\n\n\n\n<p>Kannatusj\u00e4sen<br><a href=\"https:\/\/seurat.suomisport.fi\/invite\/7becdb21-95c6-4313-a967-ab7eb35ce8dc\">https:\/\/seurat.suomisport.fi\/invite\/7becdb21-95c6-4313-a967-ab7eb35ce8dc<\/a><br><\/p>\n\n\n\n<p><strong>J\u00e4senen\u00e4 saat:<\/strong><\/p>\n\n\n\n<p>&#8211; J\u00e4sentiedotteen<br>&#8211; Urheiluampuja-lehden (nelj\u00e4 kertaa vuodessa ilmestyv\u00e4)<\/p>\n\n\n\n<p>&#8211; Mahdollisuuden osallistua yhdistyksen j\u00e4rjest\u00e4miin tapahtumiin<\/p>\n\n\n\n<p>&#8211; Oikeuden edustaa yhdistyst\u00e4 kokeissa ja kilpailuissa<\/p>\n\n\n\n<p>&#8211; Yhdistyksen kaluston k\u00e4ytt\u00f6mahdollisuuden<\/p>\n\n\n\n<p>&#8211; Etuja yhteisty\u00f6kumppaneiltamme<\/p>\n\n\n\n<p>&#8211; Nauttia muiden samanhenkisten harrastajien kanssa&nbsp;yhdess\u00e4 tekemisest\u00e4<\/p>\n\n\n\n<p><\/p>\n\n\n\n<p>S\u00e4\u00e4nn\u00f6t <\/p>\n\n\n\n<div data-wp-interactive=\"core\/file\" class=\"wp-block-file\"><object data-wp-bind--hidden=\"!state.hasPdfPreview\" hidden class=\"wp-block-file__embed\" data=\"https:\/\/practicalshootingclub.fi\/wp-content\/uploads\/2024\/07\/seuran_saannot_13042024.pdf\" type=\"application\/pdf\" style=\"width:100%;height:600px\" aria-label=\"Tiedoston Seuran s\u00e4\u00e4nn\u00f6t upotus.\"><\/object><a id=\"wp-block-file--media-050b231a-ee0d-4150-8d2a-251581f972f4\" href=\"https:\/\/practicalshootingclub.fi\/wp-content\/uploads\/2024\/07\/seuran_saannot_13042024.pdf\">Seuran s\u00e4\u00e4nn\u00f6t<\/a><a href=\"https:\/\/practicalshootingclub.fi\/wp-content\/uploads\/2024\/07\/seuran_saannot_13042024.pdf\" class=\"wp-block-file__button wp-element-button\" download aria-describedby=\"wp-block-file--media-050b231a-ee0d-4150-8d2a-251581f972f4\">Lataa<\/a><\/div>\n","protected":false},"excerpt":{"rendered":"<p>Kuinka liityn j\u00e4seneksi? Practical Shooting Club ry:n j\u00e4seneksi voi liitty\u00e4 jokainen, joka hyv\u00e4ksyy yhdistyksen tarkoituksen ja s\u00e4\u00e4nn\u00f6t, ja jonka hakemuksesta yhdistyksen hallitus j\u00e4senekseen hyv\u00e4ksyy. Seura on ottanut k\u00e4ytt\u00f6\u00f6ns\u00e4 Suomisport palvelun, jonka my\u00f6t\u00e4 seuran j\u00e4senrekisteri on kokonaan Suomisporttissa. Jokainen nykyinen sek\u00e4 uusi j\u00e4sen siirtyy palveluun itse ja liit\u00e4\u00e4 itsens\u00e4 j\u00e4seneksi alta l\u00f6ytyvien linkkien kautta. Jos sinulla [&hellip;]<\/p>\n","protected":false},"author":1,"featured_media":0,"parent":0,"menu_order":0,"comment_status":"closed","ping_status":"closed","template":"","meta":{"footnotes":""},"class_list":["post-41","page","type-page","status-publish","hentry"],"yoast_head":"<!-- This site is optimized with the Yoast SEO plugin v27.3 - https:\/\/yoast.com\/product\/yoast-seo-wordpress\/ -->\n<title>J\u00e4seneksi - Practical Shooting Club ry<\/title>\n<meta name=\"robots\" content=\"index, follow, max-snippet:-1, max-image-preview:large, max-video-preview:-1\" \/>\n<link rel=\"canonical\" href=\"https:\/\/practicalshootingclub.fi\/?page_id=41\" \/>\n<meta property=\"og:locale\" content=\"fi_FI\" \/>\n<meta property=\"og:type\" content=\"article\" \/>\n<meta property=\"og:title\" content=\"J\u00e4seneksi - Practical Shooting Club ry\" \/>\n<meta property=\"og:description\" content=\"Kuinka liityn j\u00e4seneksi? Practical Shooting Club ry:n j\u00e4seneksi voi liitty\u00e4 jokainen, joka hyv\u00e4ksyy yhdistyksen tarkoituksen ja s\u00e4\u00e4nn\u00f6t, ja jonka hakemuksesta yhdistyksen hallitus j\u00e4senekseen hyv\u00e4ksyy. Seura on ottanut k\u00e4ytt\u00f6\u00f6ns\u00e4 Suomisport palvelun, jonka my\u00f6t\u00e4 seuran j\u00e4senrekisteri on kokonaan Suomisporttissa. Jokainen nykyinen sek\u00e4 uusi j\u00e4sen siirtyy palveluun itse ja liit\u00e4\u00e4 itsens\u00e4 j\u00e4seneksi alta l\u00f6ytyvien linkkien kautta. Jos sinulla [&hellip;]\" \/>\n<meta property=\"og:url\" content=\"https:\/\/practicalshootingclub.fi\/?page_id=41\" \/>\n<meta property=\"og:site_name\" content=\"Practical Shooting Club ry\" \/>\n<meta property=\"article:publisher\" content=\"https:\/\/www.facebook.com\/profile.php?id=61559812035109\" \/>\n<meta property=\"article:modified_time\" content=\"2025-04-21T08:18:49+00:00\" \/>\n<meta name=\"twitter:card\" content=\"summary_large_image\" \/>\n<meta name=\"twitter:label1\" content=\"Arvioitu lukuaika\" \/>\n\t<meta name=\"twitter:data1\" content=\"2 minuuttia\" \/>\n<script type=\"application\/ld+json\" class=\"yoast-schema-graph\">{\"@context\":\"https:\\\/\\\/schema.org\",\"@graph\":[{\"@type\":\"WebPage\",\"@id\":\"https:\\\/\\\/practicalshootingclub.fi\\\/?page_id=41\",\"url\":\"https:\\\/\\\/practicalshootingclub.fi\\\/?page_id=41\",\"name\":\"J\u00e4seneksi - Practical Shooting Club ry\",\"isPartOf\":{\"@id\":\"https:\\\/\\\/practicalshootingclub.fi\\\/#website\"},\"datePublished\":\"2024-07-11T04:21:22+00:00\",\"dateModified\":\"2025-04-21T08:18:49+00:00\",\"breadcrumb\":{\"@id\":\"https:\\\/\\\/practicalshootingclub.fi\\\/?page_id=41#breadcrumb\"},\"inLanguage\":\"fi\",\"potentialAction\":[{\"@type\":\"ReadAction\",\"target\":[\"https:\\\/\\\/practicalshootingclub.fi\\\/?page_id=41\"]}]},{\"@type\":\"BreadcrumbList\",\"@id\":\"https:\\\/\\\/practicalshootingclub.fi\\\/?page_id=41#breadcrumb\",\"itemListElement\":[{\"@type\":\"ListItem\",\"position\":1,\"name\":\"Etusivu\",\"item\":\"https:\\\/\\\/practicalshootingclub.fi\\\/\"},{\"@type\":\"ListItem\",\"position\":2,\"name\":\"J\u00e4seneksi\"}]},{\"@type\":\"WebSite\",\"@id\":\"https:\\\/\\\/practicalshootingclub.fi\\\/#website\",\"url\":\"https:\\\/\\\/practicalshootingclub.fi\\\/\",\"name\":\"Practical Shooting Club ry\",\"description\":\"\",\"publisher\":{\"@id\":\"https:\\\/\\\/practicalshootingclub.fi\\\/#organization\"},\"potentialAction\":[{\"@type\":\"SearchAction\",\"target\":{\"@type\":\"EntryPoint\",\"urlTemplate\":\"https:\\\/\\\/practicalshootingclub.fi\\\/?s={search_term_string}\"},\"query-input\":{\"@type\":\"PropertyValueSpecification\",\"valueRequired\":true,\"valueName\":\"search_term_string\"}}],\"inLanguage\":\"fi\"},{\"@type\":\"Organization\",\"@id\":\"https:\\\/\\\/practicalshootingclub.fi\\\/#organization\",\"name\":\"Practical Shooting Club ry\",\"url\":\"https:\\\/\\\/practicalshootingclub.fi\\\/\",\"logo\":{\"@type\":\"ImageObject\",\"inLanguage\":\"fi\",\"@id\":\"https:\\\/\\\/practicalshootingclub.fi\\\/#\\\/schema\\\/logo\\\/image\\\/\",\"url\":\"https:\\\/\\\/practicalshootingclub.fi\\\/wp-content\\\/uploads\\\/2024\\\/07\\\/logo2.png\",\"contentUrl\":\"https:\\\/\\\/practicalshootingclub.fi\\\/wp-content\\\/uploads\\\/2024\\\/07\\\/logo2.png\",\"width\":473,\"height\":140,\"caption\":\"Practical Shooting Club ry\"},\"image\":{\"@id\":\"https:\\\/\\\/practicalshootingclub.fi\\\/#\\\/schema\\\/logo\\\/image\\\/\"},\"sameAs\":[\"https:\\\/\\\/www.facebook.com\\\/profile.php?id=61559812035109\"]}]}<\/script>\n<!-- \/ Yoast SEO plugin. -->","yoast_head_json":{"title":"J\u00e4seneksi - Practical Shooting Club ry","robots":{"index":"index","follow":"follow","max-snippet":"max-snippet:-1","max-image-preview":"max-image-preview:large","max-video-preview":"max-video-preview:-1"},"canonical":"https:\/\/practicalshootingclub.fi\/?page_id=41","og_locale":"fi_FI","og_type":"article","og_title":"J\u00e4seneksi - Practical Shooting Club ry","og_description":"Kuinka liityn j\u00e4seneksi? Practical Shooting Club ry:n j\u00e4seneksi voi liitty\u00e4 jokainen, joka hyv\u00e4ksyy yhdistyksen tarkoituksen ja s\u00e4\u00e4nn\u00f6t, ja jonka hakemuksesta yhdistyksen hallitus j\u00e4senekseen hyv\u00e4ksyy. Seura on ottanut k\u00e4ytt\u00f6\u00f6ns\u00e4 Suomisport palvelun, jonka my\u00f6t\u00e4 seuran j\u00e4senrekisteri on kokonaan Suomisporttissa. Jokainen nykyinen sek\u00e4 uusi j\u00e4sen siirtyy palveluun itse ja liit\u00e4\u00e4 itsens\u00e4 j\u00e4seneksi alta l\u00f6ytyvien linkkien kautta. Jos sinulla [&hellip;]","og_url":"https:\/\/practicalshootingclub.fi\/?page_id=41","og_site_name":"Practical Shooting Club ry","article_publisher":"https:\/\/www.facebook.com\/profile.php?id=61559812035109","article_modified_time":"2025-04-21T08:18:49+00:00","twitter_card":"summary_large_image","twitter_misc":{"Arvioitu lukuaika":"2 minuuttia"},"schema":{"@context":"https:\/\/schema.org","@graph":[{"@type":"WebPage","@id":"https:\/\/practicalshootingclub.fi\/?page_id=41","url":"https:\/\/practicalshootingclub.fi\/?page_id=41","name":"J\u00e4seneksi - Practical Shooting Club ry","isPartOf":{"@id":"https:\/\/practicalshootingclub.fi\/#website"},"datePublished":"2024-07-11T04:21:22+00:00","dateModified":"2025-04-21T08:18:49+00:00","breadcrumb":{"@id":"https:\/\/practicalshootingclub.fi\/?page_id=41#breadcrumb"},"inLanguage":"fi","potentialAction":[{"@type":"ReadAction","target":["https:\/\/practicalshootingclub.fi\/?page_id=41"]}]},{"@type":"BreadcrumbList","@id":"https:\/\/practicalshootingclub.fi\/?page_id=41#breadcrumb","itemListElement":[{"@type":"ListItem","position":1,"name":"Etusivu","item":"https:\/\/practicalshootingclub.fi\/"},{"@type":"ListItem","position":2,"name":"J\u00e4seneksi"}]},{"@type":"WebSite","@id":"https:\/\/practicalshootingclub.fi\/#website","url":"https:\/\/practicalshootingclub.fi\/","name":"Practical Shooting Club ry","description":"","publisher":{"@id":"https:\/\/practicalshootingclub.fi\/#organization"},"potentialAction":[{"@type":"SearchAction","target":{"@type":"EntryPoint","urlTemplate":"https:\/\/practicalshootingclub.fi\/?s={search_term_string}"},"query-input":{"@type":"PropertyValueSpecification","valueRequired":true,"valueName":"search_term_string"}}],"inLanguage":"fi"},{"@type":"Organization","@id":"https:\/\/practicalshootingclub.fi\/#organization","name":"Practical Shooting Club ry","url":"https:\/\/practicalshootingclub.fi\/","logo":{"@type":"ImageObject","inLanguage":"fi","@id":"https:\/\/practicalshootingclub.fi\/#\/schema\/logo\/image\/","url":"https:\/\/practicalshootingclub.fi\/wp-content\/uploads\/2024\/07\/logo2.png","contentUrl":"https:\/\/practicalshootingclub.fi\/wp-content\/uploads\/2024\/07\/logo2.png","width":473,"height":140,"caption":"Practical Shooting Club ry"},"image":{"@id":"https:\/\/practicalshootingclub.fi\/#\/schema\/logo\/image\/"},"sameAs":["https:\/\/www.facebook.com\/profile.php?id=61559812035109"]}]}},"_links":{"self":[{"href":"https:\/\/practicalshootingclub.fi\/index.php?rest_route=\/wp\/v2\/pages\/41","targetHints":{"allow":["GET"]}}],"collection":[{"href":"https:\/\/practicalshootingclub.fi\/index.php?rest_route=\/wp\/v2\/pages"}],"about":[{"href":"https:\/\/practicalshootingclub.fi\/index.php?rest_route=\/wp\/v2\/types\/page"}],"author":[{"embeddable":true,"href":"https:\/\/practicalshootingclub.fi\/index.php?rest_route=\/wp\/v2\/users\/1"}],"replies":[{"embeddable":true,"href":"https:\/\/practicalshootingclub.fi\/index.php?rest_route=%2Fwp%2Fv2%2Fcomments&post=41"}],"version-history":[{"count":5,"href":"https:\/\/practicalshootingclub.fi\/index.php?rest_route=\/wp\/v2\/pages\/41\/revisions"}],"predecessor-version":[{"id":129,"href":"https:\/\/practicalshootingclub.fi\/index.php?rest_route=\/wp\/v2\/pages\/41\/revisions\/129"}],"wp:attachment":[{"href":"https:\/\/practicalshootingclub.fi\/index.php?rest_route=%2Fwp%2Fv2%2Fmedia&parent=41"}],"curies":[{"name":"wp","href":"https:\/\/api.w.org\/{rel}","templated":true}]}}